{"id":909,"date":"2018-10-10T12:43:28","date_gmt":"2018-10-10T12:43:28","guid":{"rendered":"http:\/\/aarhus.select-themes.com\/?page_id=909"},"modified":"2022-03-07T16:26:37","modified_gmt":"2022-03-07T15:26:37","slug":"filosofia","status":"publish","type":"page","link":"https:\/\/sergiocattaneo.ch\/index.php\/filosofia\/","title":{"rendered":"Filosofia"},"content":{"rendered":"<p>[vc_row row_content_width=&#8221;grid&#8221; css=&#8221;.vc_custom_1544019024974{padding-top: 114px !important;padding-bottom: 0px !important;}&#8221;][vc_column offset=&#8221;vc_col-lg-4 vc_col-md-4 vc_col-xs-12&#8243;]<div class=\"qodef-elements-holder   qodef-one-column  qodef-responsive-mode-768 \" ><div class=\"qodef-eh-item    \"  data-item-class=\"qodef-eh-custom-4321\" data-681-768=\"0 10% 80px 0px\" data-680=\"0 10% 80px 0px\">\n\t<div class=\"qodef-eh-item-inner\">\n\t\t<div class=\"qodef-eh-item-content qodef-eh-custom-4321\" style=\"padding: 0 10% 0 0px\">\n\t\t\t<div class=\"qodef-number-with-text-holder testo-filosofia\">\n    <span class=\"qodef-nwt-number\">Filosofia<\/span>\n\t<div class=\"qodef-nwt-text-holder\" style=\"margin-top: 20px;margin-left: 45px\">\n\t\t\t\t\t<p class=\"qodef-nwt-text\">Sergio Cattaneo Architetti \u00e8 un ufficio dinamico, con esperienza nella pianificazione sensibile e efficace di architettura di qualit\u00e0 in Svizzera. La nostra profonda esperienza nel campo della realizzazione di edifici nuovi, risanamento di esistenti, nel restauro e nella pianificazione urbanistica ci permette di sviluppare un\u2019architettura di qualit\u00e0, rispettando gli standard di esecuzione svizzeri e rispondendo con professionalit\u00e0 e competenza qualsiasi richiesta della committenza. Il nostro approccio metodologico e progettuale si sviluppa su diversi valori, linee guida delle nostre architetture.<\/p>\n\t    <\/div>\n<\/div>\t\t<\/div>\n\t<\/div>\n<\/div><\/div>[\/vc_column][vc_column offset=&#8221;vc_col-lg-4 vc_col-md-4 vc_col-xs-12&#8243;]<div class=\"qodef-elements-holder   qodef-one-column  qodef-responsive-mode-768 \" ><div class=\"qodef-eh-item    \"  data-item-class=\"qodef-eh-custom-6809\" data-681-768=\"0 10% 80px 0px\" data-680=\"0 10% 80px 0px\">\n\t<div class=\"qodef-eh-item-inner\">\n\t\t<div class=\"qodef-eh-item-content qodef-eh-custom-6809\" style=\"padding: 0 10% 0 0px\">\n\t\t\t<div class=\"qodef-number-with-text-holder \">\n    <span class=\"qodef-nwt-number\"><\/span>\n\t<div class=\"qodef-nwt-text-holder\" style=\"margin-top: 30px;margin-left: 45px\">\n\t\t\t\t<h4 class=\"qodef-nwt-title\" >Conoscenza del contesto territoriale<\/h4>\n\t\t\t\t<p class=\"qodef-nwt-text\">Per lo sviluppo dei nostri lavori rileviamo con attenzione le caratteristiche fisiche del luogo di progetto: il paesaggio, i materiali che connotano il territorio di riferimento, la luce, l\u2019atmosfera. Inoltre, date le radici che il nostro studio ha, la nostra conoscenza territoriale culturale, sociale e storica del Ticino, ma anche della svizzera \u00e8 una nostra forza, la quale alimentiamo quotidianamente, grazie a nuovi progetti e studi.<\/p>\n\t    <\/div>\n<\/div>\t\t<\/div>\n\t<\/div>\n<\/div><\/div><div class=\"qodef-elements-holder   qodef-one-column  qodef-responsive-mode-768 \" ><div class=\"qodef-eh-item    \"  data-item-class=\"qodef-eh-custom-7062\" data-681-768=\"0 10% 80px 0px\" data-680=\"0 10% 80px 0px\">\n\t<div class=\"qodef-eh-item-inner\">\n\t\t<div class=\"qodef-eh-item-content qodef-eh-custom-7062\" style=\"padding: 0 10% 0 0px\">\n\t\t\t<div class=\"qodef-number-with-text-holder \">\n    <span class=\"qodef-nwt-number\"><\/span>\n\t<div class=\"qodef-nwt-text-holder\" style=\"margin-top: 30px;margin-left: 45px\">\n\t\t\t\t<h4 class=\"qodef-nwt-title\" >Sviluppo di un\u2019architettura intrisa di una coscienza sociale<\/h4>\n\t\t\t\t<p class=\"qodef-nwt-text\">Gli spazi e le architetture che disegniamo influenzano direttamente o indirettamente la societ\u00e0 che li vive e li circonda. Riteniamo che il nostro ruolo come architetti e progettisti del territorio del futuro, sia quello di mettere al servizio della societ\u00e0 le nostre conoscenze e competenze, fungendo da catalizzatori di uno sviluppo sociale sostenibile sia in spazi urbani, come nelle nostre montagne, sulle vie di comunicazione, infrastrutture e zone di svago.<\/p>\n\t    <\/div>\n<\/div>\t\t<\/div>\n\t<\/div>\n<\/div><\/div><div class=\"qodef-elements-holder   qodef-one-column  qodef-responsive-mode-768 \" ><div class=\"qodef-eh-item    \"  data-item-class=\"qodef-eh-custom-6129\" data-681-768=\"0 22% 80px 0px\" data-680=\"0 22% 80px 0px\">\n\t<div class=\"qodef-eh-item-inner\">\n\t\t<div class=\"qodef-eh-item-content qodef-eh-custom-6129\" style=\"padding: 0 22% 0 0px\">\n\t\t\t<div class=\"qodef-number-with-text-holder \">\n    <span class=\"qodef-nwt-number\"><\/span>\n\t<div class=\"qodef-nwt-text-holder\" style=\"margin-top: 30px;margin-left: 45px\">\n\t\t\t\t<h4 class=\"qodef-nwt-title\" >Salvaguardia della memoria storica<\/h4>\n\t\t\t\t<p class=\"qodef-nwt-text\">Con lo sguardo verso il futuro sviluppiamo soluzioni al passo con i tempi, senza dimenticarci delle nostre origini e del patrimonio storico che ci circonda. Proponiamo soluzioni e consulenze di restauro architettonico nel rispetto della storia e alla cultura locale. La nostra esperienza nel restauro di edifici tutelati, ci permette di avere una sensibilit\u00e0 nella riqualifica di oggetti esistenti, anche se non sotto tutela. Questo si collega anche a un discorso di sostenibilit\u00e0 ambientale.<\/p>\n\t    <\/div>\n<\/div>\t\t<\/div>\n\t<\/div>\n<\/div><\/div>[\/vc_column][vc_column offset=&#8221;vc_col-lg-4 vc_col-md-4 vc_col-xs-12&#8243;]<div class=\"qodef-elements-holder   qodef-one-column  qodef-responsive-mode-768 \" ><div class=\"qodef-eh-item    \"  data-item-class=\"qodef-eh-custom-7182\" data-681-768=\"0 10% 80px 0px\" data-680=\"0 10% 80px 0px\">\n\t<div class=\"qodef-eh-item-inner\">\n\t\t<div class=\"qodef-eh-item-content qodef-eh-custom-7182\" style=\"padding: 0 10% 0 0px\">\n\t\t\t<div class=\"qodef-number-with-text-holder \">\n    <span class=\"qodef-nwt-number\"><\/span>\n\t<div class=\"qodef-nwt-text-holder\" style=\"margin-top: 30px;margin-left: 45px\">\n\t\t\t\t<h4 class=\"qodef-nwt-title\" >Sostenibilit\u00e0 ambientale<\/h4>\n\t\t\t\t<p class=\"qodef-nwt-text\">Ogni costruzione seppur garantendo il comfort e la funzionalit\u00e0 deve essere in armonia con il clima locale e globale. La nostra ricerca alla sostenibilit\u00e0 ha inizio nella fase progettuale valutando le caratteristiche degli aspetti naturali e ambientali specifici di ogni luogo, consci dell\u2019utilizzo dei materiali e del loro ciclo di vita. Il nostro ufficio mira a promuovere uno sviluppo architettonico consapevole a sostegno di un futuro prosperoso e in armonia con la natura.<\/p>\n\t    <\/div>\n<\/div>\t\t<\/div>\n\t<\/div>\n<\/div><\/div><div class=\"qodef-elements-holder   qodef-one-column  qodef-responsive-mode-768 \" ><div class=\"qodef-eh-item    \"  data-item-class=\"qodef-eh-custom-2816\" data-681-768=\"0 10% 0px 0px\" data-680=\"0 10% 0px 0px\">\n\t<div class=\"qodef-eh-item-inner\">\n\t\t<div class=\"qodef-eh-item-content qodef-eh-custom-2816\" style=\"padding: 0 10% 0 0px\">\n\t\t\t<div class=\"qodef-number-with-text-holder \">\n    <span class=\"qodef-nwt-number\"><\/span>\n\t<div class=\"qodef-nwt-text-holder\" style=\"margin-top: 30px;margin-left: 45px\">\n\t\t\t\t<h4 class=\"qodef-nwt-title\" >Sensibilizzazione architettonica<\/h4>\n\t\t\t\t<p class=\"qodef-nwt-text\">Crediamo che lo sviluppo di architetture e di spazi di qualit\u00e0 in grado di accogliere la quotidianit\u00e0 della vita abbiano un potenziale educativo e capacit\u00e0 di sensibilizzazione sull\u2019uomo e sulla societ\u00e0 che ci abita.<\/p>\n\t    <\/div>\n<\/div>\t\t<\/div>\n\t<\/div>\n<\/div><\/div><div class=\"qodef-elements-holder   qodef-one-column  qodef-responsive-mode-768 \" ><div class=\"qodef-eh-item    \"  data-item-class=\"qodef-eh-custom-5540\" data-681-768=\"0 10% 0px 0px\" data-680=\"0 10% 0px 0px\">\n\t<div class=\"qodef-eh-item-inner\">\n\t\t<div class=\"qodef-eh-item-content qodef-eh-custom-5540\" style=\"padding: 0 10% 0 0px\">\n\t\t\t<div class=\"qodef-number-with-text-holder \">\n    <span class=\"qodef-nwt-number\"><\/span>\n\t<div class=\"qodef-nwt-text-holder\" style=\"margin-top: 30px;margin-left: 45px\">\n\t\t\t\t<h4 class=\"qodef-nwt-title\" >Pianificazione economica e architettonica<\/h4>\n\t\t\t\t<p class=\"qodef-nwt-text\">La nostra esperienza nel settore ci permette di elaborare strategie e sviluppare prognosi di rendita degli investimenti, offrendo alla committenza una pianificazione controllata dei costi dalla pianificazione all\u2019esecuzione dell\u2019opera.<\/p>\n\t    <\/div>\n<\/div>\t\t<\/div>\n\t<\/div>\n<\/div><\/div><div class=\"qodef-elements-holder   qodef-one-column  qodef-responsive-mode-768 \" ><div class=\"qodef-eh-item    \"  data-item-class=\"qodef-eh-custom-9619\" data-681-768=\"0 10% 0px 0px\" data-680=\"0 10% 0px 0px\">\n\t<div class=\"qodef-eh-item-inner\">\n\t\t<div class=\"qodef-eh-item-content qodef-eh-custom-9619\" style=\"padding: 0 10% 0 0px\">\n\t\t\t<div class=\"qodef-number-with-text-holder \">\n    <span class=\"qodef-nwt-number\"><\/span>\n\t<div class=\"qodef-nwt-text-holder\" style=\"margin-top: 30px;margin-left: 45px\">\n\t\t\t\t<h4 class=\"qodef-nwt-title\" >Soddisfazione della committenza<\/h4>\n\t\t\t\t<p class=\"qodef-nwt-text\">Cerchiamo di seguire al meglio gli interessi dei nostri committenti, rispettando al meglio nostri principi. \u00c8 per noi fondamentale imparare a conoscere ogni committente, capirne le esigenze (anche i sogni, le aspettative, le ansie...) e cercare di accompagnarlo nel miglior modo possibile durante tutte le fasi del progetto. Fare in modo che si instauri quella fiducia che poi gli permetter\u00e0 di dirci ``mi fido, fai tu!``.<\/p>\n\t    <\/div>\n<\/div>\t\t<\/div>\n\t<\/div>\n<\/div><\/div><div class=\"qodef-elements-holder   qodef-one-column  qodef-responsive-mode-768 \" ><div class=\"qodef-eh-item    \"  data-item-class=\"qodef-eh-custom-1313\" data-681-768=\"0 10% 0px 0px\" data-680=\"0 10% 0px 0px\">\n\t<div class=\"qodef-eh-item-inner\">\n\t\t<div class=\"qodef-eh-item-content qodef-eh-custom-1313\" style=\"padding: 0 10% 0 0px\">\n\t\t\t<div class=\"qodef-number-with-text-holder \">\n    <span class=\"qodef-nwt-number\"><\/span>\n\t<div class=\"qodef-nwt-text-holder\" style=\"margin-top: 30px;margin-left: 45px\">\n\t\t\t\t<h4 class=\"qodef-nwt-title\" >Accessibilit\u00e0 e condivisione<\/h4>\n\t\t\t\t<p class=\"qodef-nwt-text\">Il nostro obbiettivo \u00e8 rendere accessibile al maggior numero di persone la nostra architettura e filosofia di lavoro condividendo la nostra esperienza, professionalit\u00e0 e passione.<\/p>\n\t    <\/div>\n<\/div>\t\t<\/div>\n\t<\/div>\n<\/div><\/div>[\/vc_column][\/vc_row][vc_row gap=&#8221;25&#8243; row_content_width=&#8221;grid&#8221; simple_background_color=&#8221;#f8f8f8&#8243; css=&#8221;.vc_custom_1623243899384{margin-top: 150px !important;padding-top: 5px !important;padding-bottom: 12px !important;}&#8221;][vc_column offset=&#8221;vc_col-lg-6 vc_col-md-12 vc_col-xs-12&#8243;]<div class=\"qodef-single-image-holder   \">\n    <div class=\"qodef-si-inner\" >\n        <div class=\"qodef-si-text-holder\">\n            <span class=\"qodef-si-text\"><\/span>\n        <\/div>\n                                    <img loading=\"lazy\" decoding=\"async\" width=\"1300\" height=\"867\" src=\"https:\/\/sergiocattaneo.ch\/wp-content\/uploads\/2021\/06\/2Immagine-038-a-bn-copia.jpg\" class=\"attachment-full size-full\" alt=\"\" srcset=\"https:\/\/sergiocattaneo.ch\/wp-content\/uploads\/2021\/06\/2Immagine-038-a-bn-copia.jpg 1300w, https:\/\/sergiocattaneo.ch\/wp-content\/uploads\/2021\/06\/2Immagine-038-a-bn-copia-300x200.jpg 300w, https:\/\/sergiocattaneo.ch\/wp-content\/uploads\/2021\/06\/2Immagine-038-a-bn-copia-1024x683.jpg 1024w, https:\/\/sergiocattaneo.ch\/wp-content\/uploads\/2021\/06\/2Immagine-038-a-bn-copia-768x512.jpg 768w\" sizes=\"auto, (max-width: 1300px) 100vw, 1300px\" \/>                        <\/div>\n<\/div>[\/vc_column][vc_column offset=&#8221;vc_col-lg-6 vc_col-md-12 vc_col-xs-12&#8243;]<div class=\"qodef-single-image-holder   \">\n    <div class=\"qodef-si-inner\" >\n        <div class=\"qodef-si-text-holder\">\n            <span class=\"qodef-si-text\"><\/span>\n        <\/div>\n                                    <img loading=\"lazy\" decoding=\"async\" width=\"1500\" height=\"996\" src=\"https:\/\/sergiocattaneo.ch\/wp-content\/uploads\/2021\/06\/Immagine-005-copia.jpg\" class=\"attachment-full size-full\" alt=\"\" srcset=\"https:\/\/sergiocattaneo.ch\/wp-content\/uploads\/2021\/06\/Immagine-005-copia.jpg 1500w, https:\/\/sergiocattaneo.ch\/wp-content\/uploads\/2021\/06\/Immagine-005-copia-300x199.jpg 300w, https:\/\/sergiocattaneo.ch\/wp-content\/uploads\/2021\/06\/Immagine-005-copia-1024x680.jpg 1024w, https:\/\/sergiocattaneo.ch\/wp-content\/uploads\/2021\/06\/Immagine-005-copia-768x510.jpg 768w\" sizes=\"auto, (max-width: 1500px) 100vw, 1500px\" \/>                        <\/div>\n<\/div>[\/vc_column][\/vc_row][vc_row row_content_width=&#8221;grid&#8221; content_text_aligment=&#8221;left&#8221; css=&#8221;.vc_custom_1544696359514{margin-top: 0px !important;padding-top: 96px !important;padding-bottom: 110px !important;}&#8221; simple_background_color=&#8221;#fafafa&#8221;][vc_column width=&#8221;2\/3&#8243; css=&#8221;.vc_custom_1538723003677{margin-top: 0px !important;padding-top: 0px !important;}&#8221;]<div class=\"qodef-elements-holder   qodef-one-column  qodef-responsive-mode-768 \" ><div class=\"qodef-eh-item  qodef-vertical-alignment-top  \"  data-item-class=\"qodef-eh-custom-1750\">\n\t<div class=\"qodef-eh-item-inner\">\n\t\t<div class=\"qodef-eh-item-content qodef-eh-custom-1750\" style=\"padding: 0 15% 0 0\">\n\t\t\t[vc_column_text]<\/p>\n<h3>Contattaci<\/h3>\n<p>[\/vc_column_text][vc_empty_space height=&#8221;23px&#8221;]\n<div class=\"wpcf7 no-js\" id=\"wpcf7-f10-o1\" lang=\"it-IT\" dir=\"ltr\" data-wpcf7-id=\"10\">\n<div class=\"screen-reader-response\"><p role=\"status\" aria-live=\"polite\" aria-atomic=\"true\"><\/p> <ul><\/ul><\/div>\n<form action=\"\/index.php\/wp-json\/wp\/v2\/pages\/909#wpcf7-f10-o1\" method=\"post\" class=\"wpcf7-form init\" aria-label=\"Modulo di contatto\" novalidate=\"novalidate\" data-status=\"init\">\n<fieldset class=\"hidden-fields-container\"><input type=\"hidden\" name=\"_wpcf7\" value=\"10\" \/><input type=\"hidden\" name=\"_wpcf7_version\" value=\"6.1.4\" \/><input type=\"hidden\" name=\"_wpcf7_locale\" value=\"it_IT\" \/><input type=\"hidden\" name=\"_wpcf7_unit_tag\" value=\"wpcf7-f10-o1\" \/><input type=\"hidden\" name=\"_wpcf7_container_post\" value=\"0\" \/><input type=\"hidden\" name=\"_wpcf7_posted_data_hash\" value=\"\" \/>\n<\/fieldset>\n<div class=\"qodef-cf7-contact\">\n\t<p><span class=\"wpcf7-form-control-wrap\" data-name=\"your-email\"><input size=\"40\" maxlength=\"400\" class=\"wpcf7-form-control wpcf7-email wpcf7-validates-as-required wpcf7-text wpcf7-validates-as-email\" aria-required=\"true\" aria-invalid=\"false\" placeholder=\"Email*\" value=\"\" type=\"email\" name=\"your-email\" \/><\/span><br \/>\n<span class=\"wpcf7-form-control-wrap\" data-name=\"your-subject\"><input size=\"40\" maxlength=\"400\" class=\"wpcf7-form-control wpcf7-text\" aria-invalid=\"false\" placeholder=\"Soggetto\" value=\"\" type=\"text\" name=\"your-subject\" \/><\/span><br \/>\n<span class=\"wpcf7-form-control-wrap\" data-name=\"your-message\"><textarea cols=\"10\" rows=\"3\" maxlength=\"2000\" class=\"wpcf7-form-control wpcf7-textarea\" aria-invalid=\"false\" placeholder=\"Messaggio\" name=\"your-message\"><\/textarea><\/span><br \/>\n<button type=\"submit\" class=\"qodef-btn qodef-btn-solid\"><span class=\"qodef-btn-line-holder\"><span class=\"qodef-btn-line-top\"><\/span><span class=\"qodef-btn-line\"><\/span><span class=\"qodef-btn-line-bottom\"><\/span><\/span><span class=\"qodef-btn-text\">Invia il messaggio<\/span><\/button>\n\t<\/p>\n<\/div><div class=\"wpcf7-response-output\" aria-hidden=\"true\"><\/div>\n<\/form>\n<\/div>\n\t\t<\/div>\n\t<\/div>\n<\/div><\/div>[\/vc_column][vc_column width=&#8221;1\/3&#8243; css=&#8221;.vc_custom_1540201295017{margin-top: 0px !important;border-left-width: 1px !important;padding-top: 0px !important;border-left-color: #d9d9d9 !important;border-left-style: solid !important;}&#8221; el_class=&#8221;main-home-connect-with-us&#8221;]<div class=\"qodef-elements-holder   qodef-one-column  qodef-responsive-mode-480 qodef-one-column-alignment-left\" ><div class=\"qodef-eh-item   qodef-horizontal-alignment-center \"  data-item-class=\"qodef-eh-custom-6628\" data-1367-1600=\"0 0 0 0\" data-1025-1366=\"0 0 0 0\" data-769-1024=\"0 0 0 0\" data-681-768=\"0 0 0 0\" data-680=\"45px 0 0 0\">\n\t<div class=\"qodef-eh-item-inner\">\n\t\t<div class=\"qodef-eh-item-content qodef-eh-custom-6628\" style=\"padding: 0 0 0 0\">\n\t\t\t[vc_column_text]<\/p>\n<h4>Social<\/h4>\n<p>[\/vc_column_text]\t\t<\/div>\n\t<\/div>\n<\/div><\/div><div class=\"qodef-elements-holder   qodef-one-column  qodef-responsive-mode-768 qodef-one-column-alignment-left\" ><div class=\"qodef-eh-item    \"  data-item-class=\"qodef-eh-custom-7562\" data-769-1024=\"29px 13% 20px 19%\" data-681-768=\"29px 13% 20px 19%\" data-680=\"29px 36% 20px 0\">\n\t<div class=\"qodef-eh-item-inner\">\n\t\t<div class=\"qodef-eh-item-content qodef-eh-custom-7562\" style=\"padding: 17px 25% 0 28%\">\n\t\t\t[vc_row_inner][vc_column_inner width=&#8221;1\/2&#8243; offset=&#8221;vc_col-xs-6&#8243; css=&#8221;.vc_custom_1544007915749{padding-left: 0px !important;}&#8221;]<div class=\"qodef-iwt clearfix   qodef-iwt-icon-top qodef-iwt-icon-medium\">\n\t        <a itemprop=\"url\" href=\"https:\/\/www.facebook.com\/SCArchitetti\" target=\"_blank\">\n                <div class=\"qodef-iwt-icon\">\n                                        <span class=\"qodef-icon-shortcode qodef-circle   qodef-icon-medium\" style=\"width: 50px;height: 50px;line-height: 50px;border-color: #bfbfbf\" data-color=\"#000000\">\n                    <svg class=\"qodef-icon-svg-circle\" version=\"1.1\" xmlns=\"http:\/\/www.w3.org\/2000\/svg\" xmlns:xlink=\"http:\/\/www.w3.org\/1999\/xlink\" x=\"0px\" y=\"0px\" width=\"197px\" height=\"197px\" viewBox=\"0 0 197 197\" enable-background=\"new 0 0 197 197\" xml:space=\"preserve\">\n                <circle class=\"qodef-icon-stroke \" stroke-linecap=\"round\" cx=\"98.5\" cy=\"98.6\" r=\"97.5\"><\/circle>\n                <circle class=\"qodef-icon-circle \" stroke-linecap=\"round\" cx=\"98.5\" cy=\"98.6\" r=\"97.5\"><\/circle>\n            <\/svg>\n                            <i class=\"qodef-icon-font-awesome fab fa-facebook-f qodef-icon-element\" style=\"color: #000000;font-size:21px\" ><\/i>            <\/span>\n                            <\/div>\n\t        <div class=\"qodef-iwt-content\" style=\"padding-top: 0px\">\n                                                    <p class=\"qodef-iwt-text\" >Facebook<\/p>\n                \t        <\/div>\n            <\/a>\n    <\/div>\n[\/vc_column_inner][vc_column_inner width=&#8221;1\/2&#8243; offset=&#8221;vc_col-xs-6&#8243; css=&#8221;.vc_custom_1544007909733{padding-right: 0px !important;}&#8221;]<div class=\"qodef-iwt clearfix   qodef-iwt-icon-top qodef-iwt-icon-medium\">\n\t        <a itemprop=\"url\" href=\"https:\/\/www.instagram.com\/sergiocattaneoarchitetti\/\" target=\"_blank\">\n                <div class=\"qodef-iwt-icon\">\n                                        <span class=\"qodef-icon-shortcode qodef-circle   qodef-icon-medium\" style=\"width: 50px;height: 50px;line-height: 50px;border-color: #bfbfbf\" data-color=\"#000000\">\n                    <svg class=\"qodef-icon-svg-circle\" version=\"1.1\" xmlns=\"http:\/\/www.w3.org\/2000\/svg\" xmlns:xlink=\"http:\/\/www.w3.org\/1999\/xlink\" x=\"0px\" y=\"0px\" width=\"197px\" height=\"197px\" viewBox=\"0 0 197 197\" enable-background=\"new 0 0 197 197\" xml:space=\"preserve\">\n                <circle class=\"qodef-icon-stroke \" stroke-linecap=\"round\" cx=\"98.5\" cy=\"98.6\" r=\"97.5\"><\/circle>\n                <circle class=\"qodef-icon-circle \" stroke-linecap=\"round\" cx=\"98.5\" cy=\"98.6\" r=\"97.5\"><\/circle>\n            <\/svg>\n                            <i class=\"qodef-icon-font-awesome fab fa-instagram qodef-icon-element\" style=\"color: #000000;font-size:23px\" ><\/i>            <\/span>\n                            <\/div>\n\t        <div class=\"qodef-iwt-content\" style=\"padding-top: 0px\">\n                                                    <p class=\"qodef-iwt-text\" >Instagram<\/p>\n                \t        <\/div>\n            <\/a>\n    <\/div>\n[\/vc_column_inner][\/vc_row_inner][vc_empty_space height=&#8221;30px&#8221;]\t\t<\/div>\n\t<\/div>\n<\/div><\/div>[\/vc_column][\/vc_row]<\/p>\n","protected":false},"excerpt":{"rendered":"<p>[vc_row row_content_width=&#8221;grid&#8221; css=&#8221;.vc_custom_1544019024974{padding-top: 114px !important;padding-bottom: 0px !important;}&#8221;][vc_column offset=&#8221;vc_col-lg-4 vc_col-md-4 vc_col-xs-12&#8243;][\/vc_column][vc_column offset=&#8221;vc_col-lg-4 vc_col-md-4 vc_col-xs-12&#8243;][\/vc_column][vc_column offset=&#8221;vc_col-lg-4 vc_col-md-4 vc_col-xs-12&#8243;][\/vc_column][\/vc_row][vc_row gap=&#8221;25&#8243; row_content_width=&#8221;grid&#8221; simple_background_color=&#8221;#f8f8f8&#8243; css=&#8221;.vc_custom_1623243899384{margin-top: 150px !important;padding-top: 5px !important;padding-bottom: 12px !important;}&#8221;][vc_column offset=&#8221;vc_col-lg-6 vc_col-md-12 vc_col-xs-12&#8243;][\/vc_column][vc_column offset=&#8221;vc_col-lg-6 vc_col-md-12 vc_col-xs-12&#8243;][\/vc_column][\/vc_row][vc_row row_content_width=&#8221;grid&#8221; content_text_aligment=&#8221;left&#8221; css=&#8221;.vc_custom_1544696359514{margin-top: 0px !important;padding-top: 96px !important;padding-bottom: 110px [&hellip;]<\/p>\n","protected":false},"author":1,"featured_media":0,"parent":0,"menu_order":0,"comment_status":"closed","ping_status":"closed","template":"full-width.php","meta":{"footnotes":""},"class_list":["post-909","page","type-page","status-publish","hentry"],"_links":{"self":[{"href":"https:\/\/sergiocattaneo.ch\/index.php\/wp-json\/wp\/v2\/pages\/909","targetHints":{"allow":["GET"]}}],"collection":[{"href":"https:\/\/sergiocattaneo.ch\/index.php\/wp-json\/wp\/v2\/pages"}],"about":[{"href":"https:\/\/sergiocattaneo.ch\/index.php\/wp-json\/wp\/v2\/types\/page"}],"author":[{"embeddable":true,"href":"https:\/\/sergiocattaneo.ch\/index.php\/wp-json\/wp\/v2\/users\/1"}],"replies":[{"embeddable":true,"href":"https:\/\/sergiocattaneo.ch\/index.php\/wp-json\/wp\/v2\/comments?post=909"}],"version-history":[{"count":45,"href":"https:\/\/sergiocattaneo.ch\/index.php\/wp-json\/wp\/v2\/pages\/909\/revisions"}],"predecessor-version":[{"id":5796,"href":"https:\/\/sergiocattaneo.ch\/index.php\/wp-json\/wp\/v2\/pages\/909\/revisions\/5796"}],"wp:attachment":[{"href":"https:\/\/sergiocattaneo.ch\/index.php\/wp-json\/wp\/v2\/media?parent=909"}],"curies":[{"name":"wp","href":"https:\/\/api.w.org\/{rel}","templated":true}]}}