{"id":10919,"date":"2018-10-10T12:43:28","date_gmt":"2018-10-10T10:43:28","guid":{"rendered":"https:\/\/sergiocattaneo.ch\/index.php\/philosophie\/"},"modified":"2023-04-21T16:00:21","modified_gmt":"2023-04-21T14:00:21","slug":"philosophie","status":"publish","type":"page","link":"https:\/\/sergiocattaneo.ch\/fr\/index.php\/philosophie\/","title":{"rendered":"Philosophie"},"content":{"rendered":"<p>[vc_row row_content_width=\u00a0\u00bbgrid\u00a0\u00bb css=\u00a0\u00bb.vc_custom_1544019024974{padding-top: 114px !important;padding-bottom: 0px !important;}\u00a0\u00bb][vc_column offset=\u00a0\u00bbvc_col-lg-4 vc_col-md-4 vc_col-xs-12&Prime;]<div class=\"qodef-elements-holder   qodef-one-column  qodef-responsive-mode-768 \" ><br \/>\n            <div class=\"qodef-eh-item    \"  data-item-class=\"qodef-eh-custom-3207\" data-681-768=\"0 10% 80px 0px\" data-680=\"0 10% 80px 0px\">\n\t<div class=\"qodef-eh-item-inner\">\n\t\t<div class=\"qodef-eh-item-content qodef-eh-custom-3207\" style=\"padding: 0 10% 0 0px\">\n\t\t\t<br \/>\n              <div class=\"qodef-number-with-text-holder testo-filosofia\">\n    <span class=\"qodef-nwt-number\">Filosofia<\/span>\n\t<div class=\"qodef-nwt-text-holder\" style=\"margin-top: 20px;margin-left: 45px\">\n\t\t\t\t\t<p class=\"qodef-nwt-text\">Sergio Cattaneo Architetti est un bureau dynamique ayant une exp\u00e9rience dans la planification sensible et efficace d'une architecture de qualit\u00e9 en Suisse. Notre profonde exp\u00e9rience dans le domaine de la construction de nouveaux b\u00e2timents, de la r\u00e9novation de b\u00e2timents existants, de la restauration et de l'urbanisme nous permet de d\u00e9velopper une architecture de qualit\u00e9, respectant les normes d'ex\u00e9cution suisses et r\u00e9pondant avec professionnalisme et comp\u00e9tence \u00e0 toute demande du client. Notre approche m\u00e9thodologique et conceptuelle est fond\u00e9e sur plusieurs valeurs, qui constituent les lignes directrices de notre architecture.<\/p>\n\t    <\/div>\n<\/div><br \/>\n            \t\t<\/div>\n\t<\/div>\n<\/div><br \/>\n          <\/div>[\/vc_column][vc_column offset=\u00a0\u00bbvc_col-lg-4 vc_col-md-4 vc_col-xs-12&Prime;]<div class=\"qodef-elements-holder   qodef-one-column  qodef-responsive-mode-768 \" ><br \/>\n            <div class=\"qodef-eh-item    \"  data-item-class=\"qodef-eh-custom-8275\" data-681-768=\"0 10% 80px 0px\" data-680=\"0 10% 80px 0px\">\n\t<div class=\"qodef-eh-item-inner\">\n\t\t<div class=\"qodef-eh-item-content qodef-eh-custom-8275\" style=\"padding: 0 10% 0 0px\">\n\t\t\t<br \/>\n              <div class=\"qodef-number-with-text-holder \">\n    <span class=\"qodef-nwt-number\"><\/span>\n\t<div class=\"qodef-nwt-text-holder\" style=\"margin-top: 30px;margin-left: 45px\">\n\t\t\t\t<h4 class=\"qodef-nwt-title\" >Connaissance du contexte territorial<\/h4>\n\t\t\t\t<p class=\"qodef-nwt-text\">Pour l'\u00e9laboration de notre travail, nous \u00e9tudions soigneusement les caract\u00e9ristiques physiques du site du projet : le paysage, les mat\u00e9riaux qui caract\u00e9risent la zone, la lumi\u00e8re, l'atmosph\u00e8re. De plus, compte tenu des racines de notre studio, notre connaissance territoriale culturelle, sociale et historique du Tessin, mais aussi de la Suisse, est l'une de nos forces, que nous alimentons quotidiennement par de nouveaux projets et \u00e9tudes.<\/p>\n\t    <\/div>\n<\/div><br \/>\n            \t\t<\/div>\n\t<\/div>\n<\/div><br \/>\n          <\/div><br \/>\n          <div class=\"qodef-elements-holder   qodef-one-column  qodef-responsive-mode-768 \" ><br \/>\n            <div class=\"qodef-eh-item    \"  data-item-class=\"qodef-eh-custom-6752\" data-681-768=\"0 10% 80px 0px\" data-680=\"0 10% 80px 0px\">\n\t<div class=\"qodef-eh-item-inner\">\n\t\t<div class=\"qodef-eh-item-content qodef-eh-custom-6752\" style=\"padding: 0 10% 0 0px\">\n\t\t\t<br \/>\n              <div class=\"qodef-number-with-text-holder \">\n    <span class=\"qodef-nwt-number\"><\/span>\n\t<div class=\"qodef-nwt-text-holder\" style=\"margin-top: 30px;margin-left: 45px\">\n\t\t\t\t<h4 class=\"qodef-nwt-title\" >D\u00e9veloppement d&#039;une architecture impr\u00e9gn\u00e9e de conscience sociale<\/h4>\n\t\t\t\t<p class=\"qodef-nwt-text\">Les espaces et les architectures que nous concevons influencent directement ou indirectement la soci\u00e9t\u00e9 qui les habite et les entoure. Nous pensons que notre r\u00f4le en tant qu'architectes et planificateurs du territoire du futur est de mettre nos connaissances et nos comp\u00e9tences au service de la soci\u00e9t\u00e9, en agissant comme catalyseurs du d\u00e9veloppement social durable dans les espaces urbains, ainsi que dans nos montagnes, sur les voies de communication, les infrastructures et les zones de loisirs.<\/p>\n\t    <\/div>\n<\/div><br \/>\n            \t\t<\/div>\n\t<\/div>\n<\/div><br \/>\n          <\/div><br \/>\n          <div class=\"qodef-elements-holder   qodef-one-column  qodef-responsive-mode-768 \" ><br \/>\n            <div class=\"qodef-eh-item    \"  data-item-class=\"qodef-eh-custom-2723\" data-681-768=\"0 22% 80px 0px\" data-680=\"0 22% 80px 0px\">\n\t<div class=\"qodef-eh-item-inner\">\n\t\t<div class=\"qodef-eh-item-content qodef-eh-custom-2723\" style=\"padding: 0 22% 0 0px\">\n\t\t\t<br \/>\n              <div class=\"qodef-number-with-text-holder \">\n    <span class=\"qodef-nwt-number\"><\/span>\n\t<div class=\"qodef-nwt-text-holder\" style=\"margin-top: 30px;margin-left: 45px\">\n\t\t\t\t<h4 class=\"qodef-nwt-title\" >Pr\u00e9servation de la m\u00e9moire historique<\/h4>\n\t\t\t\t<p class=\"qodef-nwt-text\">Tourn\u00e9s vers l'avenir, nous d\u00e9veloppons des solutions en phase avec leur temps, sans oublier nos origines et le patrimoine historique qui nous entoure. Nous proposons des solutions de restauration architecturale et de conseil dans le respect de l'histoire et de la culture locale. Notre exp\u00e9rience dans la restauration de b\u00e2timents class\u00e9s nous permet d'avoir une sensibilit\u00e9 dans la r\u00e9habilitation d'objets existants, m\u00eame s'ils ne sont pas sous protection. Ceci est \u00e9galement li\u00e9 \u00e0 un discours sur la durabilit\u00e9 environnementale.<\/p>\n\t    <\/div>\n<\/div><br \/>\n            \t\t<\/div>\n\t<\/div>\n<\/div><br \/>\n          <\/div>[\/vc_column][vc_column offset=\u00a0\u00bbvc_col-lg-4 vc_col-md-4 vc_col-xs-12&Prime;]<div class=\"qodef-elements-holder   qodef-one-column  qodef-responsive-mode-768 \" ><br \/>\n            <div class=\"qodef-eh-item    \"  data-item-class=\"qodef-eh-custom-7393\" data-681-768=\"0 10% 80px 0px\" data-680=\"0 10% 80px 0px\">\n\t<div class=\"qodef-eh-item-inner\">\n\t\t<div class=\"qodef-eh-item-content qodef-eh-custom-7393\" style=\"padding: 0 10% 0 0px\">\n\t\t\t<br \/>\n              <div class=\"qodef-number-with-text-holder \">\n    <span class=\"qodef-nwt-number\"><\/span>\n\t<div class=\"qodef-nwt-text-holder\" style=\"margin-top: 30px;margin-left: 45px\">\n\t\t\t\t<h4 class=\"qodef-nwt-title\" >Durabilit\u00e9 environnementale<\/h4>\n\t\t\t\t<p class=\"qodef-nwt-text\">Toute construction, tout en assurant le confort et la fonctionnalit\u00e9, doit \u00eatre en harmonie avec le climat local et mondial. Notre recherche de la durabilit\u00e9 commence d\u00e8s la phase de conception, en \u00e9valuant les caract\u00e9ristiques des aspects naturels et environnementaux propres \u00e0 chaque lieu, en \u00e9tant conscient de l'utilisation des mat\u00e9riaux et de leur cycle de vie. Notre bureau vise \u00e0 promouvoir un d\u00e9veloppement architectural conscient en faveur d'un avenir prosp\u00e8re en harmonie avec la nature.<\/p>\n\t    <\/div>\n<\/div><br \/>\n            \t\t<\/div>\n\t<\/div>\n<\/div><br \/>\n          <\/div><br \/>\n          <div class=\"qodef-elements-holder   qodef-one-column  qodef-responsive-mode-768 \" ><br \/>\n            <div class=\"qodef-eh-item    \"  data-item-class=\"qodef-eh-custom-3554\" data-681-768=\"0 10% 0px 0px\" data-680=\"0 10% 0px 0px\">\n\t<div class=\"qodef-eh-item-inner\">\n\t\t<div class=\"qodef-eh-item-content qodef-eh-custom-3554\" style=\"padding: 0 10% 0 0px\">\n\t\t\t<br \/>\n              <div class=\"qodef-number-with-text-holder \">\n    <span class=\"qodef-nwt-number\"><\/span>\n\t<div class=\"qodef-nwt-text-holder\" style=\"margin-top: 30px;margin-left: 45px\">\n\t\t\t\t<h4 class=\"qodef-nwt-title\" >Conscience architecturale<\/h4>\n\t\t\t\t<p class=\"qodef-nwt-text\">Nous pensons que le d\u00e9veloppement d'une architecture de qualit\u00e9 et d'espaces capables d'accueillir la vie quotidienne a un potentiel \u00e9ducatif et la capacit\u00e9 de faire prendre conscience de l'homme et de la soci\u00e9t\u00e9 qui nous habite.<\/p>\n\t    <\/div>\n<\/div><br \/>\n            \t\t<\/div>\n\t<\/div>\n<\/div><br \/>\n          <\/div><br \/>\n          <div class=\"qodef-elements-holder   qodef-one-column  qodef-responsive-mode-768 \" ><br \/>\n            <div class=\"qodef-eh-item    \"  data-item-class=\"qodef-eh-custom-8607\" data-681-768=\"0 10% 0px 0px\" data-680=\"0 10% 0px 0px\">\n\t<div class=\"qodef-eh-item-inner\">\n\t\t<div class=\"qodef-eh-item-content qodef-eh-custom-8607\" style=\"padding: 0 10% 0 0px\">\n\t\t\t<br \/>\n              <div class=\"qodef-number-with-text-holder \">\n    <span class=\"qodef-nwt-number\"><\/span>\n\t<div class=\"qodef-nwt-text-holder\" style=\"margin-top: 30px;margin-left: 45px\">\n\t\t\t\t<h4 class=\"qodef-nwt-title\" >Planification \u00e9conomique et architecturale<\/h4>\n\t\t\t\t<p class=\"qodef-nwt-text\">Notre exp\u00e9rience dans le secteur nous permet de d\u00e9velopper des strat\u00e9gies et des pronostics de retour sur investissement, offrant aux clients une planification \u00e0 co\u00fbts ma\u00eetris\u00e9s de la planification \u00e0 l'ex\u00e9cution.<\/p>\n\t    <\/div>\n<\/div><br \/>\n            \t\t<\/div>\n\t<\/div>\n<\/div><br \/>\n          <\/div><br \/>\n          <div class=\"qodef-elements-holder   qodef-one-column  qodef-responsive-mode-768 \" ><br \/>\n            <div class=\"qodef-eh-item    \"  data-item-class=\"qodef-eh-custom-3379\" data-681-768=\"0 10% 0px 0px\" data-680=\"0 10% 0px 0px\">\n\t<div class=\"qodef-eh-item-inner\">\n\t\t<div class=\"qodef-eh-item-content qodef-eh-custom-3379\" style=\"padding: 0 10% 0 0px\">\n\t\t\t<br \/>\n              <div class=\"qodef-number-with-text-holder \">\n    <span class=\"qodef-nwt-number\"><\/span>\n\t<div class=\"qodef-nwt-text-holder\" style=\"margin-top: 30px;margin-left: 45px\">\n\t\t\t\t<h4 class=\"qodef-nwt-title\" >Satisfaction des clients<\/h4>\n\t\t    <\/div>\n<\/div><br \/>\n            \t\t<\/div>\n\t<\/div>\n<\/div><br \/>\n          <\/div><br \/>\n          <div class=\"qodef-elements-holder   qodef-one-column  qodef-responsive-mode-768 \" ><br \/>\n            <div class=\"qodef-eh-item    \"  data-item-class=\"qodef-eh-custom-9026\" data-681-768=\"0 10% 0px 0px\" data-680=\"0 10% 0px 0px\">\n\t<div class=\"qodef-eh-item-inner\">\n\t\t<div class=\"qodef-eh-item-content qodef-eh-custom-9026\" style=\"padding: 0 10% 0 0px\">\n\t\t\t<br \/>\n              <div class=\"qodef-number-with-text-holder \">\n    <span class=\"qodef-nwt-number\"><\/span>\n\t<div class=\"qodef-nwt-text-holder\" style=\"margin-top: 30px;margin-left: 45px\">\n\t\t\t\t<h4 class=\"qodef-nwt-title\" >Accessibilit\u00e9 et partage<\/h4>\n\t\t\t\t<p class=\"qodef-nwt-text\">Notre objectif est de rendre notre architecture et notre philosophie de travail accessibles au plus grand nombre en partageant notre exp\u00e9rience, notre professionnalisme et notre passion.<\/p>\n\t    <\/div>\n<\/div><br \/>\n            \t\t<\/div>\n\t<\/div>\n<\/div><br \/>\n          <\/div>[\/vc_column][\/vc_row][vc_row gap=\u00a0\u00bb25&Prime; row_content_width=\u00a0\u00bbgrid\u00a0\u00bb simple_background_color=\u00a0\u00bb#f8f8f8&Prime; css=\u00a0\u00bb.vc_custom_1623243899384{margin-top: 150px !important;padding-top: 5px !important;padding-bottom: 12px !important;}\u00a0\u00bb][vc_column offset=\u00a0\u00bbvc_col-lg-6 vc_col-md-12 vc_col-xs-12&Prime;]<div class=\"qodef-single-image-holder   \">\n    <div class=\"qodef-si-inner\" >\n        <div class=\"qodef-si-text-holder\">\n            <span class=\"qodef-si-text\"><\/span>\n        <\/div>\n                                    <img loading=\"lazy\" decoding=\"async\" width=\"1300\" height=\"867\" src=\"https:\/\/sergiocattaneo.ch\/wp-content\/uploads\/2021\/06\/2Immagine-038-a-bn-copia.jpg\" class=\"attachment-full size-full\" alt=\"\" srcset=\"https:\/\/sergiocattaneo.ch\/wp-content\/uploads\/2021\/06\/2Immagine-038-a-bn-copia.jpg 1300w, https:\/\/sergiocattaneo.ch\/wp-content\/uploads\/2021\/06\/2Immagine-038-a-bn-copia-300x200.jpg 300w, https:\/\/sergiocattaneo.ch\/wp-content\/uploads\/2021\/06\/2Immagine-038-a-bn-copia-1024x683.jpg 1024w, https:\/\/sergiocattaneo.ch\/wp-content\/uploads\/2021\/06\/2Immagine-038-a-bn-copia-768x512.jpg 768w\" sizes=\"auto, (max-width: 1300px) 100vw, 1300px\" \/>                        <\/div>\n<\/div>[\/vc_column][vc_column offset=\u00a0\u00bbvc_col-lg-6 vc_col-md-12 vc_col-xs-12&Prime;]<div class=\"qodef-single-image-holder   \">\n    <div class=\"qodef-si-inner\" >\n        <div class=\"qodef-si-text-holder\">\n            <span class=\"qodef-si-text\"><\/span>\n        <\/div>\n                                    <img loading=\"lazy\" decoding=\"async\" width=\"1500\" height=\"996\" src=\"https:\/\/sergiocattaneo.ch\/wp-content\/uploads\/2021\/06\/Immagine-005-copia.jpg\" class=\"attachment-full size-full\" alt=\"\" srcset=\"https:\/\/sergiocattaneo.ch\/wp-content\/uploads\/2021\/06\/Immagine-005-copia.jpg 1500w, https:\/\/sergiocattaneo.ch\/wp-content\/uploads\/2021\/06\/Immagine-005-copia-300x199.jpg 300w, https:\/\/sergiocattaneo.ch\/wp-content\/uploads\/2021\/06\/Immagine-005-copia-1024x680.jpg 1024w, https:\/\/sergiocattaneo.ch\/wp-content\/uploads\/2021\/06\/Immagine-005-copia-768x510.jpg 768w\" sizes=\"auto, (max-width: 1500px) 100vw, 1500px\" \/>                        <\/div>\n<\/div>[\/vc_column][\/vc_row][vc_row row_content_width=\u00a0\u00bbgrid\u00a0\u00bb content_text_aligment=\u00a0\u00bbleft\u00a0\u00bb css=\u00a0\u00bb.vc_custom_1544696359514{margin-top: 0px !important;padding-top: 96px !important;padding-bottom: 110px !important;}\u00a0\u00bb simple_background_color=\u00a0\u00bb#fafafa\u00a0\u00bb][vc_column width=\u00a0\u00bb2\/3&Prime; css=\u00a0\u00bb.vc_custom_1538723003677{margin-top: 0px !important;padding-top: 0px !important;}\u00a0\u00bb]<div class=\"qodef-elements-holder   qodef-one-column  qodef-responsive-mode-768 \" ><div class=\"qodef-eh-item  qodef-vertical-alignment-top  \"  data-item-class=\"qodef-eh-custom-4401\">\n\t<div class=\"qodef-eh-item-inner\">\n\t\t<div class=\"qodef-eh-item-content qodef-eh-custom-4401\" style=\"padding: 0 15% 0 0\">\n\t\t\t[vc_column_text]<\/p>\n<h3>Nous contacter<\/h3>\n<p>[\/vc_column_text][vc_empty_space height=\u00a0\u00bb23px\u00a0\u00bb]\n<div class=\"wpcf7 no-js\" id=\"wpcf7-f11292-o1\" lang=\"fr-FR\" dir=\"ltr\" data-wpcf7-id=\"11292\">\n<div class=\"screen-reader-response\"><p role=\"status\" aria-live=\"polite\" aria-atomic=\"true\"><\/p> <ul><\/ul><\/div>\n<form action=\"\/fr\/index.php\/wp-json\/wp\/v2\/pages\/10919#wpcf7-f11292-o1\" method=\"post\" class=\"wpcf7-form init\" aria-label=\"Formulaire de contact\" novalidate=\"novalidate\" data-status=\"init\">\n<fieldset class=\"hidden-fields-container\"><input type=\"hidden\" name=\"_wpcf7\" value=\"11292\" \/><input type=\"hidden\" name=\"_wpcf7_version\" value=\"6.1.4\" \/><input type=\"hidden\" name=\"_wpcf7_locale\" value=\"fr_FR\" \/><input type=\"hidden\" name=\"_wpcf7_unit_tag\" value=\"wpcf7-f11292-o1\" \/><input type=\"hidden\" name=\"_wpcf7_container_post\" value=\"0\" \/><input type=\"hidden\" name=\"_wpcf7_posted_data_hash\" value=\"\" \/>\n<\/fieldset>\n<div class=\"qodef-cf7-contact\">\n\t<p><span class=\"wpcf7-form-control-wrap\" data-name=\"your-email\"><input size=\"40\" maxlength=\"400\" class=\"wpcf7-form-control wpcf7-email wpcf7-validates-as-required wpcf7-text wpcf7-validates-as-email\" aria-required=\"true\" aria-invalid=\"false\" placeholder=\"Email*\" value=\"\" type=\"email\" name=\"your-email\" \/><\/span><br \/>\n<span class=\"wpcf7-form-control-wrap\" data-name=\"your-subject\"><input size=\"40\" maxlength=\"400\" class=\"wpcf7-form-control wpcf7-text\" aria-invalid=\"false\" placeholder=\"Soggetto\" value=\"\" type=\"text\" name=\"your-subject\" \/><\/span><br \/>\n<span class=\"wpcf7-form-control-wrap\" data-name=\"your-message\"><textarea cols=\"10\" rows=\"3\" maxlength=\"2000\" class=\"wpcf7-form-control wpcf7-textarea\" aria-invalid=\"false\" placeholder=\"Messaggio\" name=\"your-message\"><\/textarea><\/span><br \/>\n<button type=\"submit\" class=\"qodef-btn qodef-btn-solid\"><span class=\"qodef-btn-line-holder\"><span class=\"qodef-btn-line-top\"><\/span><span class=\"qodef-btn-line\"><\/span><span class=\"qodef-btn-line-bottom\"><\/span><\/span><span class=\"qodef-btn-text\">Envoyer un message<\/span><\/button>\n\t<\/p>\n<\/div><div class=\"wpcf7-response-output\" aria-hidden=\"true\"><\/div>\n<\/form>\n<\/div>\n\t\t<\/div>\n\t<\/div>\n<\/div><\/div>[\/vc_column][vc_column width=\u00a0\u00bb1\/3&Prime; css=\u00a0\u00bb.vc_custom_1540201295017{margin-top: 0px !important;border-left-width: 1px !important;padding-top: 0px !important;border-left-color: #d9d9d9 !important;border-left-style: solid !important;}\u00a0\u00bb el_class=\u00a0\u00bbmain-home-connect-with-us\u00a0\u00bb]<div class=\"qodef-elements-holder   qodef-one-column  qodef-responsive-mode-480 qodef-one-column-alignment-left\" ><div class=\"qodef-eh-item   qodef-horizontal-alignment-center \"  data-item-class=\"qodef-eh-custom-3967\" data-1367-1600=\"0 0 0 0\" data-1025-1366=\"0 0 0 0\" data-769-1024=\"0 0 0 0\" data-681-768=\"0 0 0 0\" data-680=\"45px 0 0 0\">\n\t<div class=\"qodef-eh-item-inner\">\n\t\t<div class=\"qodef-eh-item-content qodef-eh-custom-3967\" style=\"padding: 0 0 0 0\">\n\t\t\t[vc_column_text]<\/p>\n<h4>Social<\/h4>\n<p>[\/vc_column_text]\t\t<\/div>\n\t<\/div>\n<\/div><\/div><div class=\"qodef-elements-holder   qodef-one-column  qodef-responsive-mode-768 qodef-one-column-alignment-left\" ><div class=\"qodef-eh-item    \"  data-item-class=\"qodef-eh-custom-4783\" data-769-1024=\"29px 13% 20px 19%\" data-681-768=\"29px 13% 20px 19%\" data-680=\"29px 36% 20px 0\">\n\t<div class=\"qodef-eh-item-inner\">\n\t\t<div class=\"qodef-eh-item-content qodef-eh-custom-4783\" style=\"padding: 17px 25% 0 28%\">\n\t\t\t[vc_row_inner][vc_column_inner width=\u00a0\u00bb1\/2&Prime; offset=\u00a0\u00bbvc_col-xs-6&Prime; css=\u00a0\u00bb.vc_custom_1544007915749{padding-left: 0px !important;}\u00a0\u00bb]<div class=\"qodef-iwt clearfix   qodef-iwt-icon-top qodef-iwt-icon-medium\">\n\t        <a itemprop=\"url\" href=\"https:\/\/www.facebook.com\/SCArchitetti\" target=\"_blank\">\n                <div class=\"qodef-iwt-icon\">\n                                        <span class=\"qodef-icon-shortcode qodef-circle   qodef-icon-medium\" style=\"width: 50px;height: 50px;line-height: 50px;border-color: #bfbfbf\" data-color=\"#000000\">\n                    <svg class=\"qodef-icon-svg-circle\" version=\"1.1\" xmlns=\"http:\/\/www.w3.org\/2000\/svg\" xmlns:xlink=\"http:\/\/www.w3.org\/1999\/xlink\" x=\"0px\" y=\"0px\" width=\"197px\" height=\"197px\" viewBox=\"0 0 197 197\" enable-background=\"new 0 0 197 197\" xml:space=\"preserve\">\n                <circle class=\"qodef-icon-stroke \" stroke-linecap=\"round\" cx=\"98.5\" cy=\"98.6\" r=\"97.5\"><\/circle>\n                <circle class=\"qodef-icon-circle \" stroke-linecap=\"round\" cx=\"98.5\" cy=\"98.6\" r=\"97.5\"><\/circle>\n            <\/svg>\n                            <i class=\"qodef-icon-font-awesome fab fa-facebook-f qodef-icon-element\" style=\"color: #000000;font-size:21px\" ><\/i>            <\/span>\n                            <\/div>\n\t        <div class=\"qodef-iwt-content\" style=\"padding-top: 0px\">\n                                                    <p class=\"qodef-iwt-text\" >Facebook<\/p>\n                \t        <\/div>\n            <\/a>\n    <\/div>\n[\/vc_column_inner][vc_column_inner width=\u00a0\u00bb1\/2&Prime; offset=\u00a0\u00bbvc_col-xs-6&Prime; css=\u00a0\u00bb.vc_custom_1544007909733{padding-right: 0px !important;}\u00a0\u00bb]<div class=\"qodef-iwt clearfix   qodef-iwt-icon-top qodef-iwt-icon-medium\">\n\t        <a itemprop=\"url\" href=\"https:\/\/www.instagram.com\/sergiocattaneoarchitetti\/\" target=\"_blank\">\n                <div class=\"qodef-iwt-icon\">\n                                        <span class=\"qodef-icon-shortcode qodef-circle   qodef-icon-medium\" style=\"width: 50px;height: 50px;line-height: 50px;border-color: #bfbfbf\" data-color=\"#000000\">\n                    <svg class=\"qodef-icon-svg-circle\" version=\"1.1\" xmlns=\"http:\/\/www.w3.org\/2000\/svg\" xmlns:xlink=\"http:\/\/www.w3.org\/1999\/xlink\" x=\"0px\" y=\"0px\" width=\"197px\" height=\"197px\" viewBox=\"0 0 197 197\" enable-background=\"new 0 0 197 197\" xml:space=\"preserve\">\n                <circle class=\"qodef-icon-stroke \" stroke-linecap=\"round\" cx=\"98.5\" cy=\"98.6\" r=\"97.5\"><\/circle>\n                <circle class=\"qodef-icon-circle \" stroke-linecap=\"round\" cx=\"98.5\" cy=\"98.6\" r=\"97.5\"><\/circle>\n            <\/svg>\n                            <i class=\"qodef-icon-font-awesome fab fa-instagram qodef-icon-element\" style=\"color: #000000;font-size:23px\" ><\/i>            <\/span>\n                            <\/div>\n\t        <div class=\"qodef-iwt-content\" style=\"padding-top: 0px\">\n                                                    <p class=\"qodef-iwt-text\" >Instagram<\/p>\n                \t        <\/div>\n            <\/a>\n    <\/div>\n[\/vc_column_inner][\/vc_row_inner][vc_empty_space height=\u00a0\u00bb30px\u00a0\u00bb]\t\t<\/div>\n\t<\/div>\n<\/div><\/div>[\/vc_column][\/vc_row]<\/p>\n","protected":false},"excerpt":{"rendered":"<p>[vc_row row_content_width=\u00a0\u00bbgrid\u00a0\u00bb css=\u00a0\u00bb.vc_custom_1544019024974{padding-top: 114px !important;padding-bottom: 0px !important;}\u00a0\u00bb][vc_column offset=\u00a0\u00bbvc_col-lg-4 vc_col-md-4 vc_col-xs-12&Prime;][\/vc_column][vc_column offset=\u00a0\u00bbvc_col-lg-4 vc_col-md-4 vc_col-xs-12&Prime;] [\/vc_column][vc_column offset=\u00a0\u00bbvc_col-lg-4 vc_col-md-4 vc_col-xs-12&Prime;] [\/vc_column][\/vc_row][vc_row gap=\u00a0\u00bb25&Prime; row_content_width=\u00a0\u00bbgrid\u00a0\u00bb simple_background_color=\u00a0\u00bb#f8f8f8&Prime; css=\u00a0\u00bb.vc_custom_1623243899384{margin-top: 150px !important;padding-top: 5px !important;padding-bottom: 12px !important;}\u00a0\u00bb][vc_column offset=\u00a0\u00bbvc_col-lg-6 vc_col-md-12 vc_col-xs-12&Prime;][\/vc_column][vc_column offset=\u00a0\u00bbvc_col-lg-6 vc_col-md-12 vc_col-xs-12&Prime;][\/vc_column][\/vc_row][vc_row row_content_width=\u00a0\u00bbgrid\u00a0\u00bb content_text_aligment=\u00a0\u00bbleft\u00a0\u00bb css=\u00a0\u00bb.vc_custom_1544696359514{margin-top: 0px !important;padding-top: 96px [&hellip;]<\/p>\n","protected":false},"author":1,"featured_media":0,"parent":0,"menu_order":0,"comment_status":"closed","ping_status":"closed","template":"full-width.php","meta":{"footnotes":""},"class_list":["post-10919","page","type-page","status-publish","hentry"],"_links":{"self":[{"href":"https:\/\/sergiocattaneo.ch\/fr\/index.php\/wp-json\/wp\/v2\/pages\/10919","targetHints":{"allow":["GET"]}}],"collection":[{"href":"https:\/\/sergiocattaneo.ch\/fr\/index.php\/wp-json\/wp\/v2\/pages"}],"about":[{"href":"https:\/\/sergiocattaneo.ch\/fr\/index.php\/wp-json\/wp\/v2\/types\/page"}],"author":[{"embeddable":true,"href":"https:\/\/sergiocattaneo.ch\/fr\/index.php\/wp-json\/wp\/v2\/users\/1"}],"replies":[{"embeddable":true,"href":"https:\/\/sergiocattaneo.ch\/fr\/index.php\/wp-json\/wp\/v2\/comments?post=10919"}],"version-history":[{"count":9,"href":"https:\/\/sergiocattaneo.ch\/fr\/index.php\/wp-json\/wp\/v2\/pages\/10919\/revisions"}],"predecessor-version":[{"id":11281,"href":"https:\/\/sergiocattaneo.ch\/fr\/index.php\/wp-json\/wp\/v2\/pages\/10919\/revisions\/11281"}],"wp:attachment":[{"href":"https:\/\/sergiocattaneo.ch\/fr\/index.php\/wp-json\/wp\/v2\/media?parent=10919"}],"curies":[{"name":"wp","href":"https:\/\/api.w.org\/{rel}","templated":true}]}}