{"id":10915,"date":"2018-10-10T12:43:28","date_gmt":"2018-10-10T10:43:28","guid":{"rendered":"https:\/\/sergiocattaneo.ch\/index.php\/philosophie\/"},"modified":"2023-04-21T16:00:21","modified_gmt":"2023-04-21T14:00:21","slug":"philosophie","status":"publish","type":"page","link":"https:\/\/sergiocattaneo.ch\/de\/index.php\/philosophie\/","title":{"rendered":"Philosophie"},"content":{"rendered":"<p>[vc_row row_content_width=&#8220;grid&#8220; css=&#8220;.vc_custom_1544019024974{padding-top: 114px !important;padding-bottom: 0px !important;}&#8220;][vc_column offset=&#8220;vc_col-lg-4 vc_col-md-4 vc_col-xs-12&#8243;]<div class=\"qodef-elements-holder   qodef-one-column  qodef-responsive-mode-768 \" ><br \/>\n            <div class=\"qodef-eh-item    \"  data-item-class=\"qodef-eh-custom-6019\" data-681-768=\"0 10% 80px 0px\" data-680=\"0 10% 80px 0px\">\n\t<div class=\"qodef-eh-item-inner\">\n\t\t<div class=\"qodef-eh-item-content qodef-eh-custom-6019\" style=\"padding: 0 10% 0 0px\">\n\t\t\t<br \/>\n              <div class=\"qodef-number-with-text-holder testo-filosofia\">\n    <span class=\"qodef-nwt-number\">Filosofia<\/span>\n\t<div class=\"qodef-nwt-text-holder\" style=\"margin-top: 20px;margin-left: 45px\">\n\t\t\t\t\t<p class=\"qodef-nwt-text\">Sergio Cattaneo Architetti ist ein dynamisches B\u00fcro mit Erfahrung in der sensiblen und effektiven Planung von Qualit\u00e4tsarchitektur in der Schweiz. Unsere langj\u00e4hrige Erfahrung im Bereich des Neubaus, der Renovierung bestehender Geb\u00e4ude, der Restaurierung und der Stadtplanung erm\u00f6glicht es uns, eine Qualit\u00e4tsarchitektur zu entwickeln, die den Schweizer Ausf\u00fchrungsstandards entspricht und mit Professionalit\u00e4t und Kompetenz auf jede Anfrage des Kunden reagiert. Unser methodischer und gestalterischer Ansatz basiert auf mehreren Werten, die die Leitlinien f\u00fcr unsere Architektur bilden.<\/p>\n\t    <\/div>\n<\/div><br \/>\n            \t\t<\/div>\n\t<\/div>\n<\/div><br \/>\n          <\/div>[\/vc_column][vc_column offset=&#8220;vc_col-lg-4 vc_col-md-4 vc_col-xs-12&#8243;]<div class=\"qodef-elements-holder   qodef-one-column  qodef-responsive-mode-768 \" ><br \/>\n            <div class=\"qodef-eh-item    \"  data-item-class=\"qodef-eh-custom-9794\" data-681-768=\"0 10% 80px 0px\" data-680=\"0 10% 80px 0px\">\n\t<div class=\"qodef-eh-item-inner\">\n\t\t<div class=\"qodef-eh-item-content qodef-eh-custom-9794\" style=\"padding: 0 10% 0 0px\">\n\t\t\t<br \/>\n              <div class=\"qodef-number-with-text-holder \">\n    <span class=\"qodef-nwt-number\"><\/span>\n\t<div class=\"qodef-nwt-text-holder\" style=\"margin-top: 30px;margin-left: 45px\">\n\t\t\t\t<h4 class=\"qodef-nwt-title\" >Kenntnisse \u00fcber den territorialen Kontext<\/h4>\n\t\t\t\t<p class=\"qodef-nwt-text\">F\u00fcr die Entwicklung unserer Arbeit untersuchen wir sorgf\u00e4ltig die physischen Merkmale des Projektstandorts: die Landschaft, die Materialien, die das Gebiet charakterisieren, das Licht, die Atmosph\u00e4re. Aufgrund der Wurzeln unseres Ateliers ist unser kulturelles, soziales und historisches Wissen \u00fcber das Tessin, aber auch \u00fcber die Schweiz, eine unserer St\u00e4rken, die wir t\u00e4glich durch neue Projekte und Studien vertiefen.<\/p>\n\t    <\/div>\n<\/div><br \/>\n            \t\t<\/div>\n\t<\/div>\n<\/div><br \/>\n          <\/div><br \/>\n          <div class=\"qodef-elements-holder   qodef-one-column  qodef-responsive-mode-768 \" ><br \/>\n            <div class=\"qodef-eh-item    \"  data-item-class=\"qodef-eh-custom-8288\" data-681-768=\"0 10% 80px 0px\" data-680=\"0 10% 80px 0px\">\n\t<div class=\"qodef-eh-item-inner\">\n\t\t<div class=\"qodef-eh-item-content qodef-eh-custom-8288\" style=\"padding: 0 10% 0 0px\">\n\t\t\t<br \/>\n              <div class=\"qodef-number-with-text-holder \">\n    <span class=\"qodef-nwt-number\"><\/span>\n\t<div class=\"qodef-nwt-text-holder\" style=\"margin-top: 30px;margin-left: 45px\">\n\t\t\t\t<h4 class=\"qodef-nwt-title\" >Entwicklung einer Architektur, die von sozialem Bewusstsein gepr\u00e4gt ist<\/h4>\n\t\t\t\t<p class=\"qodef-nwt-text\">Die R\u00e4ume und Architekturen, die wir gestalten, beeinflussen direkt oder indirekt die Gesellschaft, die sie bewohnt und umgibt. Wir glauben, dass unsere Rolle als Architekten und Planer des Territoriums der Zukunft darin besteht, unser Wissen und unsere F\u00e4higkeiten in den Dienst der Gesellschaft zu stellen, indem wir als Katalysatoren f\u00fcr eine nachhaltige soziale Entwicklung im st\u00e4dtischen Raum, aber auch in unseren Bergen, auf den Verkehrswegen, in den Infrastrukturen und in den Erholungsgebieten wirken.<\/p>\n\t    <\/div>\n<\/div><br \/>\n            \t\t<\/div>\n\t<\/div>\n<\/div><br \/>\n          <\/div><br \/>\n          <div class=\"qodef-elements-holder   qodef-one-column  qodef-responsive-mode-768 \" ><br \/>\n            <div class=\"qodef-eh-item    \"  data-item-class=\"qodef-eh-custom-8930\" data-681-768=\"0 22% 80px 0px\" data-680=\"0 22% 80px 0px\">\n\t<div class=\"qodef-eh-item-inner\">\n\t\t<div class=\"qodef-eh-item-content qodef-eh-custom-8930\" style=\"padding: 0 22% 0 0px\">\n\t\t\t<br \/>\n              <div class=\"qodef-number-with-text-holder \">\n    <span class=\"qodef-nwt-number\"><\/span>\n\t<div class=\"qodef-nwt-text-holder\" style=\"margin-top: 30px;margin-left: 45px\">\n\t\t\t\t<h4 class=\"qodef-nwt-title\" >Bewahrung des historischen Ged\u00e4chtnisses<\/h4>\n\t\t\t\t<p class=\"qodef-nwt-text\">Mit Blick auf die Zukunft entwickeln wir L\u00f6sungen, die mit der Zeit gehen, ohne unseren Ursprung und das uns umgebende historische Erbe zu vergessen. Wir bieten architektonische Restaurierungsl\u00f6sungen und Beratung unter Ber\u00fccksichtigung der Geschichte und der lokalen Kultur an. Unsere Erfahrung bei der Restaurierung denkmalgesch\u00fctzter Geb\u00e4ude erlaubt es uns, eine Sensibilit\u00e4t f\u00fcr die Sanierung bestehender Objekte zu entwickeln, auch wenn diese nicht unter Schutz stehen. Dies hat auch mit dem Diskurs \u00fcber \u00f6kologische Nachhaltigkeit zu tun.<\/p>\n\t    <\/div>\n<\/div><br \/>\n            \t\t<\/div>\n\t<\/div>\n<\/div><br \/>\n          <\/div>[\/vc_column][vc_column offset=&#8220;vc_col-lg-4 vc_col-md-4 vc_col-xs-12&#8243;]<div class=\"qodef-elements-holder   qodef-one-column  qodef-responsive-mode-768 \" ><br \/>\n            <div class=\"qodef-eh-item    \"  data-item-class=\"qodef-eh-custom-5590\" data-681-768=\"0 10% 80px 0px\" data-680=\"0 10% 80px 0px\">\n\t<div class=\"qodef-eh-item-inner\">\n\t\t<div class=\"qodef-eh-item-content qodef-eh-custom-5590\" style=\"padding: 0 10% 0 0px\">\n\t\t\t<br \/>\n              <div class=\"qodef-number-with-text-holder \">\n    <span class=\"qodef-nwt-number\"><\/span>\n\t<div class=\"qodef-nwt-text-holder\" style=\"margin-top: 30px;margin-left: 45px\">\n\t\t\t\t<h4 class=\"qodef-nwt-title\" >\u00d6kologische Nachhaltigkeit<\/h4>\n\t\t\t\t<p class=\"qodef-nwt-text\">Jedes Bauwerk muss bei gleichzeitiger Gew\u00e4hrleistung von Komfort und Funktionalit\u00e4t im Einklang mit dem lokalen und globalen Klima stehen. Unser Streben nach Nachhaltigkeit beginnt bereits in der Entwurfsphase, indem wir die Besonderheiten der nat\u00fcrlichen und \u00f6kologischen Aspekte des jeweiligen Standorts bewerten und uns der Verwendung von Materialien und deren Lebenszyklus bewusst sind. Unser B\u00fcro hat sich zum Ziel gesetzt, eine bewusste architektonische Entwicklung zu f\u00f6rdern, um eine prosperierende Zukunft im Einklang mit der Natur zu unterst\u00fctzen.<\/p>\n\t    <\/div>\n<\/div><br \/>\n            \t\t<\/div>\n\t<\/div>\n<\/div><br \/>\n          <\/div><br \/>\n          <div class=\"qodef-elements-holder   qodef-one-column  qodef-responsive-mode-768 \" ><br \/>\n            <div class=\"qodef-eh-item    \"  data-item-class=\"qodef-eh-custom-7622\" data-681-768=\"0 10% 0px 0px\" data-680=\"0 10% 0px 0px\">\n\t<div class=\"qodef-eh-item-inner\">\n\t\t<div class=\"qodef-eh-item-content qodef-eh-custom-7622\" style=\"padding: 0 10% 0 0px\">\n\t\t\t<br \/>\n              <div class=\"qodef-number-with-text-holder \">\n    <span class=\"qodef-nwt-number\"><\/span>\n\t<div class=\"qodef-nwt-text-holder\" style=\"margin-top: 30px;margin-left: 45px\">\n\t\t\t\t<h4 class=\"qodef-nwt-title\" >Architektonisches Bewusstsein<\/h4>\n\t\t\t\t<p class=\"qodef-nwt-text\">Wir sind davon \u00fcberzeugt, dass die Entwicklung einer hochwertigen Architektur und alltagstauglicher R\u00e4ume ein erzieherisches Potenzial hat und das Bewusstsein f\u00fcr den Menschen und die Gesellschaft, in der wir leben, sch\u00e4rfen kann.<\/p>\n\t    <\/div>\n<\/div><br \/>\n            \t\t<\/div>\n\t<\/div>\n<\/div><br \/>\n          <\/div><br \/>\n          <div class=\"qodef-elements-holder   qodef-one-column  qodef-responsive-mode-768 \" ><br \/>\n            <div class=\"qodef-eh-item    \"  data-item-class=\"qodef-eh-custom-6399\" data-681-768=\"0 10% 0px 0px\" data-680=\"0 10% 0px 0px\">\n\t<div class=\"qodef-eh-item-inner\">\n\t\t<div class=\"qodef-eh-item-content qodef-eh-custom-6399\" style=\"padding: 0 10% 0 0px\">\n\t\t\t<br \/>\n              <div class=\"qodef-number-with-text-holder \">\n    <span class=\"qodef-nwt-number\"><\/span>\n\t<div class=\"qodef-nwt-text-holder\" style=\"margin-top: 30px;margin-left: 45px\">\n\t\t\t\t<h4 class=\"qodef-nwt-title\" >Wirtschaftliche und architektonische Planung<\/h4>\n\t\t\t\t<p class=\"qodef-nwt-text\">Unsere Erfahrung in der Branche erm\u00f6glicht es uns, Strategien und Renditeprognosen zu entwickeln und unseren Kunden eine kontrollierte Kostenplanung von der Planung bis zur Ausf\u00fchrung anzubieten.<\/p>\n\t    <\/div>\n<\/div><br \/>\n            \t\t<\/div>\n\t<\/div>\n<\/div><br \/>\n          <\/div><br \/>\n          <div class=\"qodef-elements-holder   qodef-one-column  qodef-responsive-mode-768 \" ><br \/>\n            <div class=\"qodef-eh-item    \"  data-item-class=\"qodef-eh-custom-6785\" data-681-768=\"0 10% 0px 0px\" data-680=\"0 10% 0px 0px\">\n\t<div class=\"qodef-eh-item-inner\">\n\t\t<div class=\"qodef-eh-item-content qodef-eh-custom-6785\" style=\"padding: 0 10% 0 0px\">\n\t\t\t<br \/>\n              <div class=\"qodef-number-with-text-holder \">\n    <span class=\"qodef-nwt-number\"><\/span>\n\t<div class=\"qodef-nwt-text-holder\" style=\"margin-top: 30px;margin-left: 45px\">\n\t\t\t\t<h4 class=\"qodef-nwt-title\" >Kundenzufriedenheit<\/h4>\n\t\t\t\t<p class=\"qodef-nwt-text\">Wir versuchen, die Interessen unserer Auftraggeber nach besten Kr\u00e4ften zu vertreten. F\u00fcr uns ist es von grundlegender Bedeutung, jeden Kunden kennen zu lernen, seine Bed\u00fcrfnisse (auch seine Tr\u00e4ume, Erwartungen, \u00c4ngste...) zu verstehen und zu versuchen, ihn in allen Phasen des Projekts bestm\u00f6glich zu begleiten. Um sicherzustellen, dass das Vertrauen aufgebaut wird, das es ihnen erm\u00f6glicht, uns zu sagen: ``Ich vertraue dir, du machst das!<\/p>\n\t    <\/div>\n<\/div><br \/>\n            \t\t<\/div>\n\t<\/div>\n<\/div><br \/>\n          <\/div><br \/>\n          <div class=\"qodef-elements-holder   qodef-one-column  qodef-responsive-mode-768 \" ><br \/>\n            <div class=\"qodef-eh-item    \"  data-item-class=\"qodef-eh-custom-3003\" data-681-768=\"0 10% 0px 0px\" data-680=\"0 10% 0px 0px\">\n\t<div class=\"qodef-eh-item-inner\">\n\t\t<div class=\"qodef-eh-item-content qodef-eh-custom-3003\" style=\"padding: 0 10% 0 0px\">\n\t\t\t<br \/>\n              <div class=\"qodef-number-with-text-holder \">\n    <span class=\"qodef-nwt-number\"><\/span>\n\t<div class=\"qodef-nwt-text-holder\" style=\"margin-top: 30px;margin-left: 45px\">\n\t\t\t\t<h4 class=\"qodef-nwt-title\" >Zug\u00e4nglichkeit und gemeinsame Nutzung<\/h4>\n\t\t\t\t<p class=\"qodef-nwt-text\">Unser Ziel ist es, unsere Architektur und Arbeitsphilosophie so vielen Menschen wie m\u00f6glich zug\u00e4nglich zu machen, indem wir unsere Erfahrung, Professionalit\u00e4t und Leidenschaft teilen.<\/p>\n\t    <\/div>\n<\/div><br \/>\n            \t\t<\/div>\n\t<\/div>\n<\/div><br \/>\n          <\/div>[\/vc_column][\/vc_row][vc_row gap=&#8220;25&#8243; row_content_width=&#8220;grid&#8220; simple_background_color=&#8220;#f8f8f8&#8243; css=&#8220;.vc_custom_1623243899384{margin-top: 150px !important;padding-top: 5px !important;padding-bottom: 12px !important;}&#8220;][vc_column offset=&#8220;vc_col-lg-6 vc_col-md-12 vc_col-xs-12&#8243;]<div class=\"qodef-single-image-holder   \">\n    <div class=\"qodef-si-inner\" >\n        <div class=\"qodef-si-text-holder\">\n            <span class=\"qodef-si-text\"><\/span>\n        <\/div>\n                                    <img loading=\"lazy\" decoding=\"async\" width=\"1300\" height=\"867\" src=\"https:\/\/sergiocattaneo.ch\/wp-content\/uploads\/2021\/06\/2Immagine-038-a-bn-copia.jpg\" class=\"attachment-full size-full\" alt=\"\" srcset=\"https:\/\/sergiocattaneo.ch\/wp-content\/uploads\/2021\/06\/2Immagine-038-a-bn-copia.jpg 1300w, https:\/\/sergiocattaneo.ch\/wp-content\/uploads\/2021\/06\/2Immagine-038-a-bn-copia-300x200.jpg 300w, https:\/\/sergiocattaneo.ch\/wp-content\/uploads\/2021\/06\/2Immagine-038-a-bn-copia-1024x683.jpg 1024w, https:\/\/sergiocattaneo.ch\/wp-content\/uploads\/2021\/06\/2Immagine-038-a-bn-copia-768x512.jpg 768w\" sizes=\"auto, (max-width: 1300px) 100vw, 1300px\" \/>                        <\/div>\n<\/div>[\/vc_column][vc_column offset=&#8220;vc_col-lg-6 vc_col-md-12 vc_col-xs-12&#8243;]<div class=\"qodef-single-image-holder   \">\n    <div class=\"qodef-si-inner\" >\n        <div class=\"qodef-si-text-holder\">\n            <span class=\"qodef-si-text\"><\/span>\n        <\/div>\n                                    <img loading=\"lazy\" decoding=\"async\" width=\"1500\" height=\"996\" src=\"https:\/\/sergiocattaneo.ch\/wp-content\/uploads\/2021\/06\/Immagine-005-copia.jpg\" class=\"attachment-full size-full\" alt=\"\" srcset=\"https:\/\/sergiocattaneo.ch\/wp-content\/uploads\/2021\/06\/Immagine-005-copia.jpg 1500w, https:\/\/sergiocattaneo.ch\/wp-content\/uploads\/2021\/06\/Immagine-005-copia-300x199.jpg 300w, https:\/\/sergiocattaneo.ch\/wp-content\/uploads\/2021\/06\/Immagine-005-copia-1024x680.jpg 1024w, https:\/\/sergiocattaneo.ch\/wp-content\/uploads\/2021\/06\/Immagine-005-copia-768x510.jpg 768w\" sizes=\"auto, (max-width: 1500px) 100vw, 1500px\" \/>                        <\/div>\n<\/div>[\/vc_column][\/vc_row][vc_row row_content_width=&#8220;grid&#8220; content_text_aligment=&#8220;left&#8220; css=&#8220;.vc_custom_1544696359514{margin-top: 0px !important;padding-top: 96px !important;padding-bottom: 110px !important;}&#8220; simple_background_color=&#8220;#fafafa&#8220;][vc_column width=&#8220;2\/3&#8243; css=&#8220;.vc_custom_1538723003677{margin-top: 0px !important;padding-top: 0px !important;}&#8220;]<div class=\"qodef-elements-holder   qodef-one-column  qodef-responsive-mode-768 \" ><div class=\"qodef-eh-item  qodef-vertical-alignment-top  \"  data-item-class=\"qodef-eh-custom-5061\">\n\t<div class=\"qodef-eh-item-inner\">\n\t\t<div class=\"qodef-eh-item-content qodef-eh-custom-5061\" style=\"padding: 0 15% 0 0\">\n\t\t\t[vc_column_text]<\/p>\n<h3>Kontakt<\/h3>\n<p>[\/vc_column_text][vc_empty_space height=&#8220;23px&#8220;]\n<div class=\"wpcf7 no-js\" id=\"wpcf7-f11291-o1\" lang=\"de-DE\" dir=\"ltr\" data-wpcf7-id=\"11291\">\n<div class=\"screen-reader-response\"><p role=\"status\" aria-live=\"polite\" aria-atomic=\"true\"><\/p> <ul><\/ul><\/div>\n<form action=\"\/de\/index.php\/wp-json\/wp\/v2\/pages\/10915#wpcf7-f11291-o1\" method=\"post\" class=\"wpcf7-form init\" aria-label=\"Kontaktformular\" novalidate=\"novalidate\" data-status=\"init\">\n<fieldset class=\"hidden-fields-container\"><input type=\"hidden\" name=\"_wpcf7\" value=\"11291\" \/><input type=\"hidden\" name=\"_wpcf7_version\" value=\"6.1.4\" \/><input type=\"hidden\" name=\"_wpcf7_locale\" value=\"de_DE\" \/><input type=\"hidden\" name=\"_wpcf7_unit_tag\" value=\"wpcf7-f11291-o1\" \/><input type=\"hidden\" name=\"_wpcf7_container_post\" value=\"0\" \/><input type=\"hidden\" name=\"_wpcf7_posted_data_hash\" value=\"\" \/>\n<\/fieldset>\n<div class=\"qodef-cf7-contact\">\n\t<p><span class=\"wpcf7-form-control-wrap\" data-name=\"your-email\"><input size=\"40\" maxlength=\"400\" class=\"wpcf7-form-control wpcf7-email wpcf7-validates-as-required wpcf7-text wpcf7-validates-as-email\" aria-required=\"true\" aria-invalid=\"false\" placeholder=\"Email*\" value=\"\" type=\"email\" name=\"your-email\" \/><\/span><br \/>\n<span class=\"wpcf7-form-control-wrap\" data-name=\"your-subject\"><input size=\"40\" maxlength=\"400\" class=\"wpcf7-form-control wpcf7-text\" aria-invalid=\"false\" placeholder=\"Soggetto\" value=\"\" type=\"text\" name=\"your-subject\" \/><\/span><br \/>\n<span class=\"wpcf7-form-control-wrap\" data-name=\"your-message\"><textarea cols=\"10\" rows=\"3\" maxlength=\"2000\" class=\"wpcf7-form-control wpcf7-textarea\" aria-invalid=\"false\" placeholder=\"Messaggio\" name=\"your-message\"><\/textarea><\/span><br \/>\n<button type=\"submit\" class=\"qodef-btn qodef-btn-solid\"><span class=\"qodef-btn-line-holder\"><span class=\"qodef-btn-line-top\"><\/span><span class=\"qodef-btn-line\"><\/span><span class=\"qodef-btn-line-bottom\"><\/span><\/span><span class=\"qodef-btn-text\">Nachricht senden<\/span><\/button>\n\t<\/p>\n<\/div><div class=\"wpcf7-response-output\" aria-hidden=\"true\"><\/div>\n<\/form>\n<\/div>\n\t\t<\/div>\n\t<\/div>\n<\/div><\/div>[\/vc_column][vc_column width=&#8220;1\/3&#8243; css=&#8220;.vc_custom_1540201295017{margin-top: 0px !important;border-left-width: 1px !important;padding-top: 0px !important;border-left-color: #d9d9d9 !important;border-left-style: solid !important;}&#8220; el_class=&#8220;main-home-connect-with-us&#8220;]<div class=\"qodef-elements-holder   qodef-one-column  qodef-responsive-mode-480 qodef-one-column-alignment-left\" ><div class=\"qodef-eh-item   qodef-horizontal-alignment-center \"  data-item-class=\"qodef-eh-custom-8816\" data-1367-1600=\"0 0 0 0\" data-1025-1366=\"0 0 0 0\" data-769-1024=\"0 0 0 0\" data-681-768=\"0 0 0 0\" data-680=\"45px 0 0 0\">\n\t<div class=\"qodef-eh-item-inner\">\n\t\t<div class=\"qodef-eh-item-content qodef-eh-custom-8816\" style=\"padding: 0 0 0 0\">\n\t\t\t[vc_column_text]<\/p>\n<h4>Soziales<\/h4>\n<p>[\/vc_column_text]\t\t<\/div>\n\t<\/div>\n<\/div><\/div><div class=\"qodef-elements-holder   qodef-one-column  qodef-responsive-mode-768 qodef-one-column-alignment-left\" ><div class=\"qodef-eh-item    \"  data-item-class=\"qodef-eh-custom-6017\" data-769-1024=\"29px 13% 20px 19%\" data-681-768=\"29px 13% 20px 19%\" data-680=\"29px 36% 20px 0\">\n\t<div class=\"qodef-eh-item-inner\">\n\t\t<div class=\"qodef-eh-item-content qodef-eh-custom-6017\" style=\"padding: 17px 25% 0 28%\">\n\t\t\t[vc_row_inner][vc_column_inner width=&#8220;1\/2&#8243; offset=&#8220;vc_col-xs-6&#8243; css=&#8220;.vc_custom_1544007915749{padding-left: 0px !important;}&#8220;]<div class=\"qodef-iwt clearfix   qodef-iwt-icon-top qodef-iwt-icon-medium\">\n\t        <a itemprop=\"url\" href=\"https:\/\/www.facebook.com\/SCArchitetti\" target=\"_blank\">\n                <div class=\"qodef-iwt-icon\">\n                                        <span class=\"qodef-icon-shortcode qodef-circle   qodef-icon-medium\" style=\"width: 50px;height: 50px;line-height: 50px;border-color: #bfbfbf\" data-color=\"#000000\">\n                    <svg class=\"qodef-icon-svg-circle\" version=\"1.1\" xmlns=\"http:\/\/www.w3.org\/2000\/svg\" xmlns:xlink=\"http:\/\/www.w3.org\/1999\/xlink\" x=\"0px\" y=\"0px\" width=\"197px\" height=\"197px\" viewBox=\"0 0 197 197\" enable-background=\"new 0 0 197 197\" xml:space=\"preserve\">\n                <circle class=\"qodef-icon-stroke \" stroke-linecap=\"round\" cx=\"98.5\" cy=\"98.6\" r=\"97.5\"><\/circle>\n                <circle class=\"qodef-icon-circle \" stroke-linecap=\"round\" cx=\"98.5\" cy=\"98.6\" r=\"97.5\"><\/circle>\n            <\/svg>\n                            <i class=\"qodef-icon-font-awesome fab fa-facebook-f qodef-icon-element\" style=\"color: #000000;font-size:21px\" ><\/i>            <\/span>\n                            <\/div>\n\t        <div class=\"qodef-iwt-content\" style=\"padding-top: 0px\">\n                                                    <p class=\"qodef-iwt-text\" >Facebook<\/p>\n                \t        <\/div>\n            <\/a>\n    <\/div>\n[\/vc_column_inner][vc_column_inner width=&#8220;1\/2&#8243; offset=&#8220;vc_col-xs-6&#8243; css=&#8220;.vc_custom_1544007909733{padding-right: 0px !important;}&#8220;]<div class=\"qodef-iwt clearfix   qodef-iwt-icon-top qodef-iwt-icon-medium\">\n\t        <a itemprop=\"url\" href=\"https:\/\/www.instagram.com\/sergiocattaneoarchitetti\/\" target=\"_blank\">\n                <div class=\"qodef-iwt-icon\">\n                                        <span class=\"qodef-icon-shortcode qodef-circle   qodef-icon-medium\" style=\"width: 50px;height: 50px;line-height: 50px;border-color: #bfbfbf\" data-color=\"#000000\">\n                    <svg class=\"qodef-icon-svg-circle\" version=\"1.1\" xmlns=\"http:\/\/www.w3.org\/2000\/svg\" xmlns:xlink=\"http:\/\/www.w3.org\/1999\/xlink\" x=\"0px\" y=\"0px\" width=\"197px\" height=\"197px\" viewBox=\"0 0 197 197\" enable-background=\"new 0 0 197 197\" xml:space=\"preserve\">\n                <circle class=\"qodef-icon-stroke \" stroke-linecap=\"round\" cx=\"98.5\" cy=\"98.6\" r=\"97.5\"><\/circle>\n                <circle class=\"qodef-icon-circle \" stroke-linecap=\"round\" cx=\"98.5\" cy=\"98.6\" r=\"97.5\"><\/circle>\n            <\/svg>\n                            <i class=\"qodef-icon-font-awesome fab fa-instagram qodef-icon-element\" style=\"color: #000000;font-size:23px\" ><\/i>            <\/span>\n                            <\/div>\n\t        <div class=\"qodef-iwt-content\" style=\"padding-top: 0px\">\n                                                    <p class=\"qodef-iwt-text\" >Instagram<\/p>\n                \t        <\/div>\n            <\/a>\n    <\/div>\n[\/vc_column_inner][\/vc_row_inner][vc_empty_space height=&#8220;30px&#8220;]\t\t<\/div>\n\t<\/div>\n<\/div><\/div>[\/vc_column][\/vc_row]<\/p>\n","protected":false},"excerpt":{"rendered":"<p>[vc_row row_content_width=&#8220;grid&#8220; css=&#8220;.vc_custom_1544019024974{padding-top: 114px !important;padding-bottom: 0px !important;}&#8220;][vc_column offset=&#8220;vc_col-lg-4 vc_col-md-4 vc_col-xs-12&#8243;][\/vc_column][vc_column offset=&#8220;vc_col-lg-4 vc_col-md-4 vc_col-xs-12&#8243;] [\/vc_column][vc_column offset=&#8220;vc_col-lg-4 vc_col-md-4 vc_col-xs-12&#8243;] [\/vc_column][\/vc_row][vc_row gap=&#8220;25&#8243; row_content_width=&#8220;grid&#8220; simple_background_color=&#8220;#f8f8f8&#8243; css=&#8220;.vc_custom_1623243899384{margin-top: 150px !important;padding-top: 5px !important;padding-bottom: 12px !important;}&#8220;][vc_column offset=&#8220;vc_col-lg-6 vc_col-md-12 vc_col-xs-12&#8243;][\/vc_column][vc_column offset=&#8220;vc_col-lg-6 vc_col-md-12 vc_col-xs-12&#8243;][\/vc_column][\/vc_row][vc_row row_content_width=&#8220;grid&#8220; content_text_aligment=&#8220;left&#8220; css=&#8220;.vc_custom_1544696359514{margin-top: 0px !important;padding-top: 96px [&hellip;]<\/p>\n","protected":false},"author":1,"featured_media":0,"parent":0,"menu_order":0,"comment_status":"closed","ping_status":"closed","template":"full-width.php","meta":{"footnotes":""},"class_list":["post-10915","page","type-page","status-publish","hentry"],"_links":{"self":[{"href":"https:\/\/sergiocattaneo.ch\/de\/index.php\/wp-json\/wp\/v2\/pages\/10915","targetHints":{"allow":["GET"]}}],"collection":[{"href":"https:\/\/sergiocattaneo.ch\/de\/index.php\/wp-json\/wp\/v2\/pages"}],"about":[{"href":"https:\/\/sergiocattaneo.ch\/de\/index.php\/wp-json\/wp\/v2\/types\/page"}],"author":[{"embeddable":true,"href":"https:\/\/sergiocattaneo.ch\/de\/index.php\/wp-json\/wp\/v2\/users\/1"}],"replies":[{"embeddable":true,"href":"https:\/\/sergiocattaneo.ch\/de\/index.php\/wp-json\/wp\/v2\/comments?post=10915"}],"version-history":[{"count":13,"href":"https:\/\/sergiocattaneo.ch\/de\/index.php\/wp-json\/wp\/v2\/pages\/10915\/revisions"}],"predecessor-version":[{"id":11283,"href":"https:\/\/sergiocattaneo.ch\/de\/index.php\/wp-json\/wp\/v2\/pages\/10915\/revisions\/11283"}],"wp:attachment":[{"href":"https:\/\/sergiocattaneo.ch\/de\/index.php\/wp-json\/wp\/v2\/media?parent=10915"}],"curies":[{"name":"wp","href":"https:\/\/api.w.org\/{rel}","templated":true}]}}