{"id":10881,"date":"2022-09-02T13:37:21","date_gmt":"2022-09-02T11:37:21","guid":{"rendered":"https:\/\/sergiocattaneo.ch\/index.php\/richtung\/"},"modified":"2023-02-07T09:42:45","modified_gmt":"2023-02-07T08:42:45","slug":"richtung","status":"publish","type":"page","link":"https:\/\/sergiocattaneo.ch\/de\/index.php\/richtung\/","title":{"rendered":"gesch\u00e4ftsleitung"},"content":{"rendered":"<p>[vc_row css=&#8220;.vc_custom_1659099760059{padding-top: 30px !important;padding-right: 5% !important;padding-left: 5% !important;}&#8220;][vc_column][vc_column_text]<\/p>\n<div class=\"team-filter-holder\">\n<div class=\"qodef-plf-inner\">\n<ul class=\"team-filter-parent-categories clearfix\">\n<li class=\"finale\" data-group-id=\"343\"><a class=\"filtro-attivo\" href=\"#\">gesch\u00e4ftsleitung<\/a><\/li>\n<li class=\"team-parent-filter\" data-group-id=\"344\"><a href=\"https:\/\/sergiocattaneo.ch\/de\/index.php\/buero\/\">team<\/a><\/li>\n<\/ul>\n<\/div>\n<\/div>\n<p>[\/vc_column_text][\/vc_column][\/vc_row][vc_row gap=&#8220;20&#8243; css=&#8220;.vc_custom_1662118553068{padding-top: 12px !important;padding-right: 5% !important;padding-left: 5% !important;}&#8220;][vc_column width=&#8220;1\/2&#8243; el_id=&#8220;team-member&#8220;][\/vc_column][vc_column width=&#8220;1\/2&#8243;][vc_column_text el_class=&#8220;testo-contatti&#8220;]<\/p>\n<p style=\"text-align: right;\">Sergio Cattaneo<\/p>\n<p style=\"text-align: right;\">Gr\u00fcnder und Eigent\u00fcmer<\/p>\n<p>&nbsp;<\/p>\n<p style=\"text-align: right;\">Filippo Cattaneo<\/p>\n<p style=\"text-align: right;\">Co-Direktor<\/p>\n<p style=\"text-align: right;\">hauptverwaltung in z\u00fcrich<\/p>\n<p>&nbsp;<\/p>\n<p style=\"text-align: right;\">marco benetollo<\/p>\n<p style=\"text-align: right;\">Direktor<\/p>\n<p style=\"text-align: right;\">hauptverwaltung bellinzona<\/p>\n<p>[\/vc_column_text][\/vc_column][\/vc_row][vc_row css=&#8220;.vc_custom_1659099760059{padding-top: 30px !important;padding-right: 5% !important;padding-left: 5% !important;}&#8220;][vc_column][vc_empty_space height=&#8220;100px&#8220;][\/vc_column][\/vc_row]<\/p>\n","protected":false},"excerpt":{"rendered":"<p>[vc_row css=&#8220;.vc_custom_1659099760059{padding-top: 30px !important;padding-right: 5% !important;padding-left: 5% !important;}&#8220;][vc_column][vc_column_text] gesch\u00e4ftsleitung team [\/vc_column_text][\/vc_column][\/vc_row][vc_row gap=&#8220;20&#8243; css=&#8220;.vc_custom_1662118553068{padding-top: 12px !important;padding-right: 5% !important;padding-left: 5% !important;}&#8220;][vc_column width=&#8220;1\/2&#8243; el_id=&#8220;team-member&#8220;][\/vc_column][vc_column width=&#8220;1\/2&#8243;][vc_column_text el_class=&#8220;testo-contatti&#8220;] Sergio Cattaneo Gr\u00fcnder und Eigent\u00fcmer &nbsp; Filippo Cattaneo Co-Direktor hauptverwaltung in z\u00fcrich &nbsp; marco benetollo Direktor hauptverwaltung [&hellip;]<\/p>\n","protected":false},"author":1,"featured_media":0,"parent":0,"menu_order":0,"comment_status":"closed","ping_status":"closed","template":"full-width.php","meta":{"footnotes":""},"class_list":["post-10881","page","type-page","status-publish","hentry"],"_links":{"self":[{"href":"https:\/\/sergiocattaneo.ch\/de\/index.php\/wp-json\/wp\/v2\/pages\/10881","targetHints":{"allow":["GET"]}}],"collection":[{"href":"https:\/\/sergiocattaneo.ch\/de\/index.php\/wp-json\/wp\/v2\/pages"}],"about":[{"href":"https:\/\/sergiocattaneo.ch\/de\/index.php\/wp-json\/wp\/v2\/types\/page"}],"author":[{"embeddable":true,"href":"https:\/\/sergiocattaneo.ch\/de\/index.php\/wp-json\/wp\/v2\/users\/1"}],"replies":[{"embeddable":true,"href":"https:\/\/sergiocattaneo.ch\/de\/index.php\/wp-json\/wp\/v2\/comments?post=10881"}],"version-history":[{"count":8,"href":"https:\/\/sergiocattaneo.ch\/de\/index.php\/wp-json\/wp\/v2\/pages\/10881\/revisions"}],"predecessor-version":[{"id":11194,"href":"https:\/\/sergiocattaneo.ch\/de\/index.php\/wp-json\/wp\/v2\/pages\/10881\/revisions\/11194"}],"wp:attachment":[{"href":"https:\/\/sergiocattaneo.ch\/de\/index.php\/wp-json\/wp\/v2\/media?parent=10881"}],"curies":[{"name":"wp","href":"https:\/\/api.w.org\/{rel}","templated":true}]}}